{"id":3927,"date":"2025-12-09T15:51:36","date_gmt":"2025-12-09T15:51:36","guid":{"rendered":"http:\/\/www.uphill.cat\/blog\/politica-de-cookies\/"},"modified":"2025-12-09T16:23:07","modified_gmt":"2025-12-09T16:23:07","slug":"politica-de-cookies","status":"publish","type":"page","link":"https:\/\/www.uphill.cat\/blog\/es\/politica-de-cookies\/","title":{"rendered":"Pol\u00edtica de Cookies"},"content":{"rendered":"<p>[et_pb_section fb_built=\u00bb1&#8243; admin_label=\u00bbsection\u00bb _builder_version=\u00bb4.16&#8243; global_colors_info=\u00bb{}\u00bb da_is_popup=\u00bboff\u00bb da_exit_intent=\u00bboff\u00bb da_has_close=\u00bbon\u00bb da_alt_close=\u00bboff\u00bb da_dark_close=\u00bboff\u00bb da_not_modal=\u00bbon\u00bb da_is_singular=\u00bboff\u00bb da_with_loader=\u00bboff\u00bb da_has_shadow=\u00bbon\u00bb da_disable_devices=\u00bboff|off|off\u00bb][et_pb_row admin_label=\u00bbRow\u00bb _builder_version=\u00bb4.16&#8243; global_colors_info=\u00bb{}\u00bb custom_padding=\u00bb11px|||||\u00bb][et_pb_column type=\u00bb4_4&#8243; _builder_version=\u00bb4.16&#8243; custom_padding=\u00bb|||\u00bb global_colors_info=\u00bb{}\u00bb custom_padding__hover=\u00bb|||\u00bb][et_pb_text admin_label=\u00bbText\u00bb _builder_version=\u00bb4.16&#8243; background_size=\u00bbinitial\u00bb background_position=\u00bbtop_left\u00bb background_repeat=\u00bbrepeat\u00bb global_colors_info=\u00bb{}\u00bb]<!-- divi:heading --><\/p>\n<h2 class=\"wp-block-heading\"><strong>Pol\u00edtica de Cookies<\/strong><\/h2>\n<p>&nbsp;<\/p>\n<p>&nbsp;<\/p>\n<p>&nbsp;<\/p>\n<h2 class=\"wp-block-heading\">1. Qu\u00e9 son las cookies?<\/h2>\n<p>&nbsp;<\/p>\n<p><!-- \/divi:heading --><\/p>\n<p>&nbsp;<\/p>\n<p><!-- divi:paragraph --><\/p>\n<p>Las cookies son peque\u00f1os ficheros de texto que se almacenan a tu dispositivo (ordenador, m\u00f3vil o tableta) cuando visitas un sitio web. Permiten que la p\u00e1gina recuerde informaci\u00f3n sobre tu visita, como por ejemplo el idioma preferido o los productos consultados, con el fin de mejorar tu experiencia de navegaci\u00f3n. <\/p>\n<p>&nbsp;<\/p>\n<p><!-- \/divi:paragraph --><\/p>\n<p>&nbsp;<\/p>\n<p><!-- divi:heading --><\/p>\n<h2 class=\"wp-block-heading\">2. Qu\u00e9 tipos de cookies utilizamos?<\/h2>\n<p>&nbsp;<\/p>\n<p><!-- \/divi:heading --><\/p>\n<p>&nbsp;<\/p>\n<p><!-- divi:paragraph --><\/p>\n<p>A uphill.cat utilizamos cookies propias y de terceros con las finalidades siguientes:<\/p>\n<p>&nbsp;<\/p>\n<p><!-- \/divi:paragraph --><\/p>\n<p>&nbsp;<\/p>\n<p><!-- divi:heading {\"level\":3} --><\/p>\n<h3 class=\"wp-block-heading\"><strong>a) Cookies t\u00e9cnicas o necesarias<\/strong><\/h3>\n<p>&nbsp;<\/p>\n<p><!-- \/divi:heading --><\/p>\n<p>&nbsp;<\/p>\n<p><!-- divi:paragraph --><\/p>\n<p>Son imprescindibles para el funcionamiento del sitio web y permiten navegar, gestionar pedidos, mantener sesiones activas, etc<br \/><strong>Ejemples:<\/strong> control de sesi\u00f3n, preferencias de idioma, seguridad.<\/p>\n<p>&nbsp;<\/p>\n<p><!-- \/divi:paragraph --><\/p>\n<p>&nbsp;<\/p>\n<p><!-- divi:heading {\"level\":3} --><\/p>\n<h3 class=\"wp-block-heading\"><strong>b) Cookies de personalizaci\u00f3n<\/strong><\/h3>\n<p>&nbsp;<\/p>\n<p><!-- \/divi:heading --><\/p>\n<p>&nbsp;<\/p>\n<p><!-- divi:paragraph --><\/p>\n<p>Recuerdan tus preferencias para ofrecerte una experiencia m\u00e1s adaptada.<br \/><strong>EJemples:<\/strong> configuraci\u00f3n de la interfaz, idioma.<\/p>\n<p>&nbsp;<\/p>\n<p><!-- \/divi:paragraph --><\/p>\n<p>&nbsp;<\/p>\n<p><!-- divi:heading {\"level\":3} --><\/p>\n<h3 class=\"wp-block-heading\"><strong>c) Cookies de an\u00e1lisis o estad\u00edsticas<\/strong><\/h3>\n<p>&nbsp;<\/p>\n<p><!-- \/divi:heading --><\/p>\n<p>&nbsp;<\/p>\n<p><!-- divi:paragraph --><\/p>\n<p>Nos ayudan a comprender como interact\u00faan los usuarios con el sitio web, analizando datos de manera agregada para mejorar los contenidos y las funcionalidades.<br \/><strong>Ejemples:<\/strong> Google Analytics u otros servicios de ana\u00edticas<\/p>\n<p>&nbsp;<\/p>\n<p><!-- \/divi:paragraph --><\/p>\n<p>&nbsp;<\/p>\n<p><!-- divi:heading {\"level\":3} --><\/p>\n<h3 class=\"wp-block-heading\"><strong>d) Cookies de marketing\/publicitado (si procede)<\/strong><\/h3>\n<p>&nbsp;<\/p>\n<p><!-- \/divi:heading --><\/p>\n<p>&nbsp;<\/p>\n<p><!-- divi:paragraph --><\/p>\n<p>Se utilizan para mostrar publicidad relevante seg\u00fan tus intereses. Normalmente son gestionadas por terceros. <br \/><strong>Ejemples:<\/strong> Meta Ads, Google Ads, remarketing.<\/p>\n<p>&nbsp;<\/p>\n<p><!-- \/divi:paragraph --><\/p>\n<p>&nbsp;<\/p>\n<p><!-- divi:paragraph --><\/p>\n<p><em>(Si tu web no utiliza alguno de estos tipos, se puede eliminar la secci\u00f3n correspondiente.)<\/em><\/p>\n<p>&nbsp;<\/p>\n<p><!-- \/divi:paragraph --><\/p>\n<p>&nbsp;<\/p>\n<p><!-- divi:heading --><\/p>\n<h2 class=\"wp-block-heading\">3. Cookies utilitzadas a uphill.cat<\/h2>\n<p>&nbsp;<\/p>\n<p><!-- \/divi:heading --><\/p>\n<p>&nbsp;<\/p>\n<p><!-- divi:paragraph --><\/p>\n<p>A continuaci\u00f3n encontrar\u00e1s una mesa orientativa. Hay que sustituirla por las cookies reales detectadas en la web: <\/p>\n<p>&nbsp;<\/p>\n<p><!-- \/divi:paragraph --><\/p>\n<p>&nbsp;<\/p>\n<p><!-- divi:table --><\/p>\n<figure class=\"wp-block-table\">\n<table class=\"has-fixed-layout\">\n<thead>\n<tr>\n<th>Nom de la cookie<\/th>\n<th>Tipus<\/th>\n<th>Titular<\/th>\n<th>Durada<\/th>\n<th>Finalitat<\/th>\n<\/tr>\n<\/thead>\n<tbody>\n<tr>\n<td><code>PHPSESSID<\/code><\/td>\n<td>T\u00e8cnica<\/td>\n<td>uphill.cat<\/td>\n<td>Sessi\u00f3<\/td>\n<td>Mantenir la sessi\u00f3 de l\u2019usuari<\/td>\n<\/tr>\n<tr>\n<td><code>_ga<\/code><\/td>\n<td>Anal\u00edtica<\/td>\n<td>Google<\/td>\n<td>2 anys<\/td>\n<td>Analitzar el comportament dels usuaris<\/td>\n<\/tr>\n<tr>\n<td><code>_gid<\/code><\/td>\n<td>Anal\u00edtica<\/td>\n<td>Google<\/td>\n<td>24 hores<\/td>\n<td>Diferenciar usuaris a Google Analytics<\/td>\n<\/tr>\n<tr>\n<td><code>_gat<\/code><\/td>\n<td>Anal\u00edtica<\/td>\n<td>Google<\/td>\n<td>1 minut<\/td>\n<td>Limitar el nombre de sol\u00b7licituds<\/td>\n<\/tr>\n<\/tbody>\n<\/table>\n<\/figure>\n<p>&nbsp;<\/p>\n<p><!-- \/divi:table --><\/p>\n<p>&nbsp;<\/p>\n<p><!-- divi:paragraph --><\/p>\n<p><em>(Actualitza la llista segons les cookies reals de la teva web.)<\/em><\/p>\n<p>&nbsp;<\/p>\n<p><!-- \/divi:paragraph --><\/p>\n<p>&nbsp;<\/p>\n<p><!-- divi:heading --><\/p>\n<h2 class=\"wp-block-heading\">4. Base jur\u00eddica para el uso de cookies<\/h2>\n<p>&nbsp;<\/p>\n<p><!-- \/divi:heading --><\/p>\n<p>&nbsp;<\/p>\n<p><!-- divi:paragraph --><\/p>\n<p>Las cookies t\u00e9cnicas son necesarias para el funcionamiento del sitio web y se instalan sin necesidad de consentimiento.<br \/>Para el resto de cookies (anal\u00edticas, publicitarias, etc.), solicitamos tu consentimiento mediante el banner de cookies cuando accedes por primera vez en la web.<\/p>\n<p>&nbsp;<\/p>\n<p><!-- \/divi:paragraph --><\/p>\n<p>&nbsp;<\/p>\n<p><!-- divi:heading --><\/p>\n<h2 class=\"wp-block-heading\">5. C\u00f3mo puedes gestionar o desactivar las cookies?<\/h2>\n<p>&nbsp;<\/p>\n<p><!-- \/divi:heading --><\/p>\n<p>&nbsp;<\/p>\n<p><!-- divi:paragraph --><\/p>\n<p>Puedes permitir, bloquear o eliminar las cookies instaladas a tu dispositivo mediante la configuraci\u00f3n de tu navegador. A continuaci\u00f3n tienes enlaces a los principales navegadores: <\/p>\n<p>&nbsp;<\/p>\n<p><!-- \/divi:paragraph --><\/p>\n<p>&nbsp;<\/p>\n<p><!-- divi:list --><\/p>\n<ul class=\"wp-block-list\"><!-- divi:list-item --><\/p>\n<li><strong>Chrome:<\/strong> <a>https:\/\/support.google.com\/chrome\/answer\/95647<\/a><\/li>\n<p><!-- \/divi:list-item --> <!-- divi:list-item --><\/p>\n<li><strong>Firefox:<\/strong> <a>https:\/\/support.mozilla.org\/ca\/kb\/Gestionar%20les%20cookies<\/a><\/li>\n<p><!-- \/divi:list-item --> <!-- divi:list-item --><\/p>\n<li><strong>Safari:<\/strong> <a>https:\/\/support.apple.com\/ca\/guide\/safari\/sfri11471\/mac<\/a><\/li>\n<p><!-- \/divi:list-item --> <!-- divi:list-item --><\/p>\n<li><strong>Edge:<\/strong> <a>https:\/\/support.microsoft.com\/es-es\/help\/4027947\/microsoft-edge-delete-cookies<\/a><\/li>\n<p><!-- \/divi:list-item --><\/ul>\n<p>&nbsp;<\/p>\n<p><!-- \/divi:list --><\/p>\n<p>&nbsp;<\/p>\n<p><!-- divi:paragraph --><\/p>\n<p>Ten en cuenta que desactivar cookies puede afectar el correcto funcionamiento del sitio web.<\/p>\n<p>&nbsp;<\/p>\n<p><!-- \/divi:paragraph --><\/p>\n<p>&nbsp;<\/p>\n<p><!-- divi:heading --><\/p>\n<h2 class=\"wp-block-heading\">6. Cookies de terceros<\/h2>\n<p>&nbsp;<\/p>\n<p><!-- \/divi:heading --><\/p>\n<p>&nbsp;<\/p>\n<p><!-- divi:paragraph --><\/p>\n<p>Algunas cookies son gestionadas por servicios externos que utilizamos en la web (como Google, Meta, etc.). Estos terceros pueden realizar transferencias internacionales de datos de acuerdo con sus propias pol\u00edticas de privacidad. <\/p>\n<p>&nbsp;<\/p>\n<p><!-- \/divi:paragraph --><\/p>\n<p>&nbsp;<\/p>\n<p><!-- divi:heading --><\/p>\n<h2 class=\"wp-block-heading\">7. Actualizaciones de la Pol\u00edtica de Cookies<\/h2>\n<p>&nbsp;<\/p>\n<p><!-- \/divi:heading --><\/p>\n<p>&nbsp;<\/p>\n<p><!-- divi:paragraph --><\/p>\n<p>Podemos actualizar esta Pol\u00edtica de Cookies en cualquier momento. Las modificaciones se publicar\u00e1n en esta p\u00e1gina. Te recomendamos revisarla peri\u00f3dicamente.  <\/p>\n<p>&nbsp;<\/p>\n<p><!-- \/divi:paragraph --><\/p>\n<p>&nbsp;<\/p>\n<p><!-- divi:heading --><\/p>\n<h2 class=\"wp-block-heading\">8. Contacto<\/h2>\n<p>&nbsp;<\/p>\n<p><!-- \/divi:heading --><\/p>\n<p>&nbsp;<\/p>\n<p><!-- divi:paragraph --><\/p>\n<p>Si tens dubtes sobre aquesta Pol\u00edtica de Cookies o vols exercir els teus drets en mat\u00e8ria de protecci\u00f3 de dades, pots contactar-nos a:<\/p>\n<p>&nbsp;<\/p>\n<p><!-- \/divi:paragraph --><\/p>\n<p>&nbsp;<\/p>\n<p><!-- divi:paragraph --><\/p>\n<p>\ud83d\udce7 <strong><a>informacio@uphill.cat<\/a><\/strong><\/p>\n<p>&nbsp;<\/p>\n<p><!-- \/divi:paragraph -->[\/et_pb_text][\/et_pb_column][\/et_pb_row][\/et_pb_section]<\/p>\n","protected":false},"excerpt":{"rendered":"<p>Pol\u00edtica de Cookies &nbsp; &nbsp; &nbsp; 1. Qu\u00e9 son las cookies? &nbsp; &nbsp; Las cookies son peque\u00f1os ficheros de texto que se almacenan a tu dispositivo (ordenador, m\u00f3vil o tableta) cuando visitas un sitio web. Permiten que la p\u00e1gina recuerde informaci\u00f3n sobre tu visita, como por ejemplo el idioma preferido o los productos consultados, con [&hellip;]<\/p>\n","protected":false},"author":1,"featured_media":0,"parent":0,"menu_order":0,"comment_status":"closed","ping_status":"closed","template":"","meta":{"_et_pb_use_builder":"on","_et_pb_old_content":"","_et_gb_content_width":"","wp_popup_display_lightbox":0,"wp_popup_suppress":"","wp_popup_trigger":"","wp_popup_trigger_amount":0,"wp_popup_disable_on_mobile":false,"footnotes":""},"class_list":["post-3927","page","type-page","status-publish","hentry"],"yoast_head":"<!-- This site is optimized with the Yoast SEO plugin v26.9 - https:\/\/yoast.com\/product\/yoast-seo-wordpress\/ -->\n<title>Pol\u00edtica de Cookies - UPHILL<\/title>\n<meta name=\"robots\" content=\"index, follow, max-snippet:-1, max-image-preview:large, max-video-preview:-1\" \/>\n<link rel=\"canonical\" href=\"https:\/\/www.uphill.cat\/blog\/es\/politica-de-cookies\/\" \/>\n<meta property=\"og:locale\" content=\"es_ES\" \/>\n<meta property=\"og:type\" content=\"article\" \/>\n<meta property=\"og:title\" content=\"Pol\u00edtica de Cookies - UPHILL\" \/>\n<meta property=\"og:description\" content=\"Pol\u00edtica de Cookies &nbsp; &nbsp; &nbsp; 1. Qu\u00e9 son las cookies? &nbsp; &nbsp; Las cookies son peque\u00f1os ficheros de texto que se almacenan a tu dispositivo (ordenador, m\u00f3vil o tableta) cuando visitas un sitio web. Permiten que la p\u00e1gina recuerde informaci\u00f3n sobre tu visita, como por ejemplo el idioma preferido o los productos consultados, con [&hellip;]\" \/>\n<meta property=\"og:url\" content=\"https:\/\/www.uphill.cat\/blog\/es\/politica-de-cookies\/\" \/>\n<meta property=\"og:site_name\" content=\"UPHILL\" \/>\n<meta property=\"article:modified_time\" content=\"2025-12-09T16:23:07+00:00\" \/>\n<meta name=\"twitter:label1\" content=\"Tiempo de lectura\" \/>\n\t<meta name=\"twitter:data1\" content=\"4 minutos\" \/>\n<script type=\"application\/ld+json\" class=\"yoast-schema-graph\">{\"@context\":\"https:\/\/schema.org\",\"@graph\":[{\"@type\":\"WebPage\",\"@id\":\"https:\/\/www.uphill.cat\/blog\/es\/politica-de-cookies\/\",\"url\":\"https:\/\/www.uphill.cat\/blog\/es\/politica-de-cookies\/\",\"name\":\"Pol\u00edtica de Cookies - UPHILL\",\"isPartOf\":{\"@id\":\"https:\/\/www.uphill.cat\/blog\/#website\"},\"datePublished\":\"2025-12-09T15:51:36+00:00\",\"dateModified\":\"2025-12-09T16:23:07+00:00\",\"breadcrumb\":{\"@id\":\"https:\/\/www.uphill.cat\/blog\/es\/politica-de-cookies\/#breadcrumb\"},\"inLanguage\":\"es\",\"potentialAction\":[{\"@type\":\"ReadAction\",\"target\":[\"https:\/\/www.uphill.cat\/blog\/es\/politica-de-cookies\/\"]}]},{\"@type\":\"BreadcrumbList\",\"@id\":\"https:\/\/www.uphill.cat\/blog\/es\/politica-de-cookies\/#breadcrumb\",\"itemListElement\":[{\"@type\":\"ListItem\",\"position\":1,\"name\":\"Inici\",\"item\":\"https:\/\/www.uphill.cat\/blog\/es\/\"},{\"@type\":\"ListItem\",\"position\":2,\"name\":\"Pol\u00edtica de Cookies\"}]},{\"@type\":\"WebSite\",\"@id\":\"https:\/\/www.uphill.cat\/blog\/#website\",\"url\":\"https:\/\/www.uphill.cat\/blog\/\",\"name\":\"UPHILL\",\"description\":\"CENTRE D'ASSESSORAMENT TERAP&Egrave;UTIC\",\"publisher\":{\"@id\":\"https:\/\/www.uphill.cat\/blog\/#organization\"},\"potentialAction\":[{\"@type\":\"SearchAction\",\"target\":{\"@type\":\"EntryPoint\",\"urlTemplate\":\"https:\/\/www.uphill.cat\/blog\/?s={search_term_string}\"},\"query-input\":{\"@type\":\"PropertyValueSpecification\",\"valueRequired\":true,\"valueName\":\"search_term_string\"}}],\"inLanguage\":\"es\"},{\"@type\":\"Organization\",\"@id\":\"https:\/\/www.uphill.cat\/blog\/#organization\",\"name\":\"UPHILL\",\"url\":\"https:\/\/www.uphill.cat\/blog\/\",\"logo\":{\"@type\":\"ImageObject\",\"inLanguage\":\"es\",\"@id\":\"https:\/\/www.uphill.cat\/blog\/#\/schema\/logo\/image\/\",\"url\":\"http:\/\/www.uphill.cat\/blog\/wp-content\/uploads\/2014\/05\/UPHILL_logo.png\",\"contentUrl\":\"http:\/\/www.uphill.cat\/blog\/wp-content\/uploads\/2014\/05\/UPHILL_logo.png\",\"width\":164,\"height\":70,\"caption\":\"UPHILL\"},\"image\":{\"@id\":\"https:\/\/www.uphill.cat\/blog\/#\/schema\/logo\/image\/\"}}]}<\/script>\n<!-- \/ Yoast SEO plugin. -->","yoast_head_json":{"title":"Pol\u00edtica de Cookies - UPHILL","robots":{"index":"index","follow":"follow","max-snippet":"max-snippet:-1","max-image-preview":"max-image-preview:large","max-video-preview":"max-video-preview:-1"},"canonical":"https:\/\/www.uphill.cat\/blog\/es\/politica-de-cookies\/","og_locale":"es_ES","og_type":"article","og_title":"Pol\u00edtica de Cookies - UPHILL","og_description":"Pol\u00edtica de Cookies &nbsp; &nbsp; &nbsp; 1. Qu\u00e9 son las cookies? &nbsp; &nbsp; Las cookies son peque\u00f1os ficheros de texto que se almacenan a tu dispositivo (ordenador, m\u00f3vil o tableta) cuando visitas un sitio web. Permiten que la p\u00e1gina recuerde informaci\u00f3n sobre tu visita, como por ejemplo el idioma preferido o los productos consultados, con [&hellip;]","og_url":"https:\/\/www.uphill.cat\/blog\/es\/politica-de-cookies\/","og_site_name":"UPHILL","article_modified_time":"2025-12-09T16:23:07+00:00","twitter_misc":{"Tiempo de lectura":"4 minutos"},"schema":{"@context":"https:\/\/schema.org","@graph":[{"@type":"WebPage","@id":"https:\/\/www.uphill.cat\/blog\/es\/politica-de-cookies\/","url":"https:\/\/www.uphill.cat\/blog\/es\/politica-de-cookies\/","name":"Pol\u00edtica de Cookies - UPHILL","isPartOf":{"@id":"https:\/\/www.uphill.cat\/blog\/#website"},"datePublished":"2025-12-09T15:51:36+00:00","dateModified":"2025-12-09T16:23:07+00:00","breadcrumb":{"@id":"https:\/\/www.uphill.cat\/blog\/es\/politica-de-cookies\/#breadcrumb"},"inLanguage":"es","potentialAction":[{"@type":"ReadAction","target":["https:\/\/www.uphill.cat\/blog\/es\/politica-de-cookies\/"]}]},{"@type":"BreadcrumbList","@id":"https:\/\/www.uphill.cat\/blog\/es\/politica-de-cookies\/#breadcrumb","itemListElement":[{"@type":"ListItem","position":1,"name":"Inici","item":"https:\/\/www.uphill.cat\/blog\/es\/"},{"@type":"ListItem","position":2,"name":"Pol\u00edtica de Cookies"}]},{"@type":"WebSite","@id":"https:\/\/www.uphill.cat\/blog\/#website","url":"https:\/\/www.uphill.cat\/blog\/","name":"UPHILL","description":"CENTRE D'ASSESSORAMENT TERAP&Egrave;UTIC","publisher":{"@id":"https:\/\/www.uphill.cat\/blog\/#organization"},"potentialAction":[{"@type":"SearchAction","target":{"@type":"EntryPoint","urlTemplate":"https:\/\/www.uphill.cat\/blog\/?s={search_term_string}"},"query-input":{"@type":"PropertyValueSpecification","valueRequired":true,"valueName":"search_term_string"}}],"inLanguage":"es"},{"@type":"Organization","@id":"https:\/\/www.uphill.cat\/blog\/#organization","name":"UPHILL","url":"https:\/\/www.uphill.cat\/blog\/","logo":{"@type":"ImageObject","inLanguage":"es","@id":"https:\/\/www.uphill.cat\/blog\/#\/schema\/logo\/image\/","url":"http:\/\/www.uphill.cat\/blog\/wp-content\/uploads\/2014\/05\/UPHILL_logo.png","contentUrl":"http:\/\/www.uphill.cat\/blog\/wp-content\/uploads\/2014\/05\/UPHILL_logo.png","width":164,"height":70,"caption":"UPHILL"},"image":{"@id":"https:\/\/www.uphill.cat\/blog\/#\/schema\/logo\/image\/"}}]}},"_links":{"self":[{"href":"https:\/\/www.uphill.cat\/blog\/es\/wp-json\/wp\/v2\/pages\/3927","targetHints":{"allow":["GET"]}}],"collection":[{"href":"https:\/\/www.uphill.cat\/blog\/es\/wp-json\/wp\/v2\/pages"}],"about":[{"href":"https:\/\/www.uphill.cat\/blog\/es\/wp-json\/wp\/v2\/types\/page"}],"author":[{"embeddable":true,"href":"https:\/\/www.uphill.cat\/blog\/es\/wp-json\/wp\/v2\/users\/1"}],"replies":[{"embeddable":true,"href":"https:\/\/www.uphill.cat\/blog\/es\/wp-json\/wp\/v2\/comments?post=3927"}],"version-history":[{"count":4,"href":"https:\/\/www.uphill.cat\/blog\/es\/wp-json\/wp\/v2\/pages\/3927\/revisions"}],"predecessor-version":[{"id":3938,"href":"https:\/\/www.uphill.cat\/blog\/es\/wp-json\/wp\/v2\/pages\/3927\/revisions\/3938"}],"wp:attachment":[{"href":"https:\/\/www.uphill.cat\/blog\/es\/wp-json\/wp\/v2\/media?parent=3927"}],"curies":[{"name":"wp","href":"https:\/\/api.w.org\/{rel}","templated":true}]}}