{"id":115,"date":"2014-05-05T08:53:29","date_gmt":"2014-05-05T08:53:29","guid":{"rendered":"http:\/\/www.uphill.cat\/blog\/?page_id=115"},"modified":"2015-10-13T11:51:50","modified_gmt":"2015-10-13T11:51:50","slug":"blog","status":"publish","type":"page","link":"https:\/\/www.uphill.cat\/blog\/blog\/","title":{"rendered":"Blog"},"content":{"rendered":"<p>[et_pb_section admin_label=&#8221;section&#8221;][et_pb_row admin_label=&#8221;row&#8221;][et_pb_column type=&#8221;4_4&#8243;][et_pb_blog admin_label=&#8221;Blog&#8221; fullwidth=&#8221;off&#8221; meta_date=&#8221;d &#8211; m &#8211; Y&#8221; show_thumbnail=&#8221;on&#8221; show_content=&#8221;off&#8221; show_more=&#8221;off&#8221; show_author=&#8221;off&#8221; show_date=&#8221;on&#8221; show_categories=&#8221;on&#8221; show_pagination=&#8221;on&#8221; background_layout=&#8221;light&#8221; show_comments=&#8221;off&#8221; offset_number=&#8221;0&#8243; use_dropshadow=&#8221;off&#8221; use_border_color=&#8221;off&#8221; border_color=&#8221;#ffffff&#8221; border_style=&#8221;solid&#8221;] [\/et_pb_blog][\/et_pb_column][\/et_pb_row][\/et_pb_section][et_pb_section admin_label=&#8221;Section&#8221; global_module=&#8221;389&#8243; fullwidth=&#8221;off&#8221; specialty=&#8221;off&#8221; transparent_background=&#8221;off&#8221; background_color=&#8221;#313131&#8243; allow_player_pause=&#8221;off&#8221; inner_shadow=&#8221;off&#8221; parallax=&#8221;off&#8221; parallax_method=&#8221;off&#8221; padding_mobile=&#8221;off&#8221; make_fullwidth=&#8221;off&#8221; use_custom_width=&#8221;off&#8221; width_unit=&#8221;on&#8221; make_equal=&#8221;off&#8221; use_custom_gutter=&#8221;off&#8221; custom_padding=&#8221;|&#8221;][et_pb_row global_parent=&#8221;389&#8243; admin_label=&#8221;Row&#8221; make_fullwidth=&#8221;on&#8221; use_custom_width=&#8221;off&#8221; width_unit=&#8221;on&#8221; use_custom_gutter=&#8221;off&#8221; padding_mobile=&#8221;off&#8221; allow_player_pause=&#8221;off&#8221; parallax=&#8221;off&#8221; parallax_method=&#8221;off&#8221; make_equal=&#8221;off&#8221; column_padding_mobile=&#8221;on&#8221;][et_pb_column type=&#8221;1_2&#8243;][et_pb_blurb global_parent=&#8221;389&#8243; admin_label=&#8221;Blurb&#8221; title=&#8221;CONTACTE&#8221; url_new_window=&#8221;off&#8221; use_icon=&#8221;on&#8221; font_icon=&#8221;%%259%%&#8221; icon_color=&#8221;#ffffff&#8221; use_circle=&#8221;on&#8221; circle_color=&#8221;#92d800&#8243; use_circle_border=&#8221;off&#8221; circle_border_color=&#8221;#7EBEC5&#8243; icon_placement=&#8221;left&#8221; animation=&#8221;off&#8221; background_layout=&#8221;dark&#8221; text_orientation=&#8221;left&#8221; use_icon_font_size=&#8221;on&#8221; use_border_color=&#8221;off&#8221; border_color=&#8221;#ffffff&#8221; border_style=&#8221;solid&#8221; custom_margin=&#8221;10px|50px|50px|50px&#8221; icon_font_size=&#8221;18&#8243; header_text_color=&#8221;#92d800&#8243;] Dedicats a la recuperaci\u00f3 i prevenci\u00f3 de recaigudes en conductes actives i en ajudar a l&#8217;addicte a mantenir-se ferm en el seu prop\u00f2sit.<\/p>\n<p><strong>Xavier Val\u00e9s<\/strong> \u00b7 Direcci\u00f3 terap\u00e8utica<br \/>\nM 679 983 760<\/p>\n<p>Ctra. Barcelona, 5, 3r-1a 17001 Girona<br \/>\ninfo@uphill.cat [\/et_pb_blurb][\/et_pb_column][et_pb_column type=&#8221;1_2&#8243;][et_pb_map global_parent=&#8221;389&#8243; admin_label=&#8221;Map&#8221; zoom_level=&#8221;12&#8243; address_lat=&#8221;41.983192645795604&#8243; address_lng=&#8221;2.8184859075485065&#8243; mouse_wheel=&#8221;off&#8221; use_grayscale_filter=&#8221;off&#8221;] [et_pb_map_pin title=&#8221;UpHill&#8221; pin_address=&#8221;Carrer Barcelona, 5, 17002 Girona, Girona, Espanya&#8221; pin_address_lat=&#8221;41.98115869999999&#8243; pin_address_lng=&#8221;2.8190065000000004&#8243;]<\/p>\n<p>Carretera Barcelona, 5, 3r 1a 17001 Girona Telf: 679 983 760<\/p>\n<p>[\/et_pb_map_pin] [\/et_pb_map][\/et_pb_column][\/et_pb_row][\/et_pb_section]<\/p>\n","protected":false},"excerpt":{"rendered":"<p>Dedicats a la recuperaci\u00f3 i prevenci\u00f3 de recaigudes en conductes actives i en ajudar a l&#8217;addicte a mantenir-se ferm en el seu prop\u00f2sit. Xavier Val\u00e9s \u00b7 Direcci\u00f3 terap\u00e8utica M 679 983 760 Ctra. Barcelona, 5, 3r-1a 17001 Girona info@uphill.cat Carretera Barcelona, 5, 3r 1a 17001 Girona Telf: 679 983 760<\/p>\n","protected":false},"author":1,"featured_media":0,"parent":0,"menu_order":0,"comment_status":"open","ping_status":"closed","template":"","meta":{"_et_pb_use_builder":"on","_et_pb_old_content":"","_et_gb_content_width":"","wp_popup_display_lightbox":0,"wp_popup_suppress":"","wp_popup_trigger":"","wp_popup_trigger_amount":0,"wp_popup_disable_on_mobile":false,"footnotes":""},"class_list":["post-115","page","type-page","status-publish","hentry"],"yoast_head":"<!-- This site is optimized with the Yoast SEO plugin v26.9 - https:\/\/yoast.com\/product\/yoast-seo-wordpress\/ -->\n<title>Blog - UPHILL<\/title>\n<meta name=\"robots\" content=\"index, follow, max-snippet:-1, max-image-preview:large, max-video-preview:-1\" \/>\n<link rel=\"canonical\" href=\"https:\/\/www.uphill.cat\/blog\/blog\/\" \/>\n<meta property=\"og:locale\" content=\"ca_ES\" \/>\n<meta property=\"og:type\" content=\"article\" \/>\n<meta property=\"og:title\" content=\"Blog - UPHILL\" \/>\n<meta property=\"og:description\" content=\"Dedicats a la recuperaci\u00f3 i prevenci\u00f3 de recaigudes en conductes actives i en ajudar a l&#039;addicte a mantenir-se ferm en el seu prop\u00f2sit. Xavier Val\u00e9s \u00b7 Direcci\u00f3 terap\u00e8utica M 679 983 760 Ctra. Barcelona, 5, 3r-1a 17001 Girona info@uphill.cat Carretera Barcelona, 5, 3r 1a 17001 Girona Telf: 679 983 760\" \/>\n<meta property=\"og:url\" content=\"https:\/\/www.uphill.cat\/blog\/blog\/\" \/>\n<meta property=\"og:site_name\" content=\"UPHILL\" \/>\n<meta property=\"article:modified_time\" content=\"2015-10-13T11:51:50+00:00\" \/>\n<meta name=\"twitter:label1\" content=\"Temps estimat de lectura\" \/>\n\t<meta name=\"twitter:data1\" content=\"2 minuts\" \/>\n<script type=\"application\/ld+json\" class=\"yoast-schema-graph\">{\"@context\":\"https:\/\/schema.org\",\"@graph\":[{\"@type\":\"WebPage\",\"@id\":\"https:\/\/www.uphill.cat\/blog\/blog\/\",\"url\":\"https:\/\/www.uphill.cat\/blog\/blog\/\",\"name\":\"Blog - UPHILL\",\"isPartOf\":{\"@id\":\"https:\/\/www.uphill.cat\/blog\/#website\"},\"datePublished\":\"2014-05-05T08:53:29+00:00\",\"dateModified\":\"2015-10-13T11:51:50+00:00\",\"breadcrumb\":{\"@id\":\"https:\/\/www.uphill.cat\/blog\/blog\/#breadcrumb\"},\"inLanguage\":\"ca\",\"potentialAction\":[{\"@type\":\"ReadAction\",\"target\":[\"https:\/\/www.uphill.cat\/blog\/blog\/\"]}]},{\"@type\":\"BreadcrumbList\",\"@id\":\"https:\/\/www.uphill.cat\/blog\/blog\/#breadcrumb\",\"itemListElement\":[{\"@type\":\"ListItem\",\"position\":1,\"name\":\"Inici\",\"item\":\"https:\/\/www.uphill.cat\/blog\/\"},{\"@type\":\"ListItem\",\"position\":2,\"name\":\"Blog\"}]},{\"@type\":\"WebSite\",\"@id\":\"https:\/\/www.uphill.cat\/blog\/#website\",\"url\":\"https:\/\/www.uphill.cat\/blog\/\",\"name\":\"UPHILL\",\"description\":\"CENTRE D'ASSESSORAMENT TERAP&Egrave;UTIC\",\"publisher\":{\"@id\":\"https:\/\/www.uphill.cat\/blog\/#organization\"},\"potentialAction\":[{\"@type\":\"SearchAction\",\"target\":{\"@type\":\"EntryPoint\",\"urlTemplate\":\"https:\/\/www.uphill.cat\/blog\/?s={search_term_string}\"},\"query-input\":{\"@type\":\"PropertyValueSpecification\",\"valueRequired\":true,\"valueName\":\"search_term_string\"}}],\"inLanguage\":\"ca\"},{\"@type\":\"Organization\",\"@id\":\"https:\/\/www.uphill.cat\/blog\/#organization\",\"name\":\"UPHILL\",\"url\":\"https:\/\/www.uphill.cat\/blog\/\",\"logo\":{\"@type\":\"ImageObject\",\"inLanguage\":\"ca\",\"@id\":\"https:\/\/www.uphill.cat\/blog\/#\/schema\/logo\/image\/\",\"url\":\"http:\/\/www.uphill.cat\/blog\/wp-content\/uploads\/2014\/05\/UPHILL_logo.png\",\"contentUrl\":\"http:\/\/www.uphill.cat\/blog\/wp-content\/uploads\/2014\/05\/UPHILL_logo.png\",\"width\":164,\"height\":70,\"caption\":\"UPHILL\"},\"image\":{\"@id\":\"https:\/\/www.uphill.cat\/blog\/#\/schema\/logo\/image\/\"}}]}<\/script>\n<!-- \/ Yoast SEO plugin. -->","yoast_head_json":{"title":"Blog - UPHILL","robots":{"index":"index","follow":"follow","max-snippet":"max-snippet:-1","max-image-preview":"max-image-preview:large","max-video-preview":"max-video-preview:-1"},"canonical":"https:\/\/www.uphill.cat\/blog\/blog\/","og_locale":"ca_ES","og_type":"article","og_title":"Blog - UPHILL","og_description":"Dedicats a la recuperaci\u00f3 i prevenci\u00f3 de recaigudes en conductes actives i en ajudar a l'addicte a mantenir-se ferm en el seu prop\u00f2sit. Xavier Val\u00e9s \u00b7 Direcci\u00f3 terap\u00e8utica M 679 983 760 Ctra. Barcelona, 5, 3r-1a 17001 Girona info@uphill.cat Carretera Barcelona, 5, 3r 1a 17001 Girona Telf: 679 983 760","og_url":"https:\/\/www.uphill.cat\/blog\/blog\/","og_site_name":"UPHILL","article_modified_time":"2015-10-13T11:51:50+00:00","twitter_misc":{"Temps estimat de lectura":"2 minuts"},"schema":{"@context":"https:\/\/schema.org","@graph":[{"@type":"WebPage","@id":"https:\/\/www.uphill.cat\/blog\/blog\/","url":"https:\/\/www.uphill.cat\/blog\/blog\/","name":"Blog - UPHILL","isPartOf":{"@id":"https:\/\/www.uphill.cat\/blog\/#website"},"datePublished":"2014-05-05T08:53:29+00:00","dateModified":"2015-10-13T11:51:50+00:00","breadcrumb":{"@id":"https:\/\/www.uphill.cat\/blog\/blog\/#breadcrumb"},"inLanguage":"ca","potentialAction":[{"@type":"ReadAction","target":["https:\/\/www.uphill.cat\/blog\/blog\/"]}]},{"@type":"BreadcrumbList","@id":"https:\/\/www.uphill.cat\/blog\/blog\/#breadcrumb","itemListElement":[{"@type":"ListItem","position":1,"name":"Inici","item":"https:\/\/www.uphill.cat\/blog\/"},{"@type":"ListItem","position":2,"name":"Blog"}]},{"@type":"WebSite","@id":"https:\/\/www.uphill.cat\/blog\/#website","url":"https:\/\/www.uphill.cat\/blog\/","name":"UPHILL","description":"CENTRE D'ASSESSORAMENT TERAP&Egrave;UTIC","publisher":{"@id":"https:\/\/www.uphill.cat\/blog\/#organization"},"potentialAction":[{"@type":"SearchAction","target":{"@type":"EntryPoint","urlTemplate":"https:\/\/www.uphill.cat\/blog\/?s={search_term_string}"},"query-input":{"@type":"PropertyValueSpecification","valueRequired":true,"valueName":"search_term_string"}}],"inLanguage":"ca"},{"@type":"Organization","@id":"https:\/\/www.uphill.cat\/blog\/#organization","name":"UPHILL","url":"https:\/\/www.uphill.cat\/blog\/","logo":{"@type":"ImageObject","inLanguage":"ca","@id":"https:\/\/www.uphill.cat\/blog\/#\/schema\/logo\/image\/","url":"http:\/\/www.uphill.cat\/blog\/wp-content\/uploads\/2014\/05\/UPHILL_logo.png","contentUrl":"http:\/\/www.uphill.cat\/blog\/wp-content\/uploads\/2014\/05\/UPHILL_logo.png","width":164,"height":70,"caption":"UPHILL"},"image":{"@id":"https:\/\/www.uphill.cat\/blog\/#\/schema\/logo\/image\/"}}]}},"_links":{"self":[{"href":"https:\/\/www.uphill.cat\/blog\/wp-json\/wp\/v2\/pages\/115","targetHints":{"allow":["GET"]}}],"collection":[{"href":"https:\/\/www.uphill.cat\/blog\/wp-json\/wp\/v2\/pages"}],"about":[{"href":"https:\/\/www.uphill.cat\/blog\/wp-json\/wp\/v2\/types\/page"}],"author":[{"embeddable":true,"href":"https:\/\/www.uphill.cat\/blog\/wp-json\/wp\/v2\/users\/1"}],"replies":[{"embeddable":true,"href":"https:\/\/www.uphill.cat\/blog\/wp-json\/wp\/v2\/comments?post=115"}],"version-history":[{"count":3,"href":"https:\/\/www.uphill.cat\/blog\/wp-json\/wp\/v2\/pages\/115\/revisions"}],"predecessor-version":[{"id":611,"href":"https:\/\/www.uphill.cat\/blog\/wp-json\/wp\/v2\/pages\/115\/revisions\/611"}],"wp:attachment":[{"href":"https:\/\/www.uphill.cat\/blog\/wp-json\/wp\/v2\/media?parent=115"}],"curies":[{"name":"wp","href":"https:\/\/api.w.org\/{rel}","templated":true}]}}