{"id":786,"date":"2015-10-05T09:03:25","date_gmt":"2015-10-05T09:03:25","guid":{"rendered":"http:\/\/www.uphill.cat\/blog\/?page_id=786"},"modified":"2025-08-18T10:47:16","modified_gmt":"2025-08-18T10:47:16","slug":"condicions","status":"publish","type":"page","link":"https:\/\/www.uphill.cat\/blog\/condicions\/","title":{"rendered":"Condicions"},"content":{"rendered":"<p>[et_pb_section fb_built=&#8221;1&#8243; fullwidth=&#8221;on&#8221; custom_padding_last_edited=&#8221;on|desktop&#8221; admin_label=&#8221;Section&#8221; _builder_version=&#8221;4.16&#8243; background_color=&#8221;#92d800&#8243; background_image=&#8221;http:\/\/www.uphill.cat\/blog\/wp-content\/uploads\/2014\/05\/TRAMA_RATLLAT_alt_2.png&#8221; custom_padding_tablet=&#8221;50px|0|50px|0&#8243; custom_padding_phone=&#8221;50px|0|50px|0&#8243; transparent_background=&#8221;off&#8221; padding_mobile=&#8221;off&#8221; make_fullwidth=&#8221;off&#8221; use_custom_width=&#8221;off&#8221; width_unit=&#8221;on&#8221; global_colors_info=&#8221;{}&#8221;][et_pb_fullwidth_header title=&#8221;Av\u00eds legal&#8221; content_max_width=&#8221;none&#8221; admin_label=&#8221;Fullwidth Header&#8221; _builder_version=&#8221;4.16&#8243; background_color=&#8221;rgba(255, 255, 255, 0)&#8221; button_one_letter_spacing_hover=&#8221;0&#8243; button_two_letter_spacing_hover=&#8221;0&#8243; global_colors_info=&#8221;{}&#8221; button_one_text_size__hover_enabled=&#8221;off&#8221; button_two_text_size__hover_enabled=&#8221;off&#8221; button_one_text_color__hover_enabled=&#8221;off&#8221; button_two_text_color__hover_enabled=&#8221;off&#8221; button_one_border_width__hover_enabled=&#8221;off&#8221; button_two_border_width__hover_enabled=&#8221;off&#8221; button_one_border_color__hover_enabled=&#8221;off&#8221; button_two_border_color__hover_enabled=&#8221;off&#8221; button_one_border_radius__hover_enabled=&#8221;off&#8221; button_two_border_radius__hover_enabled=&#8221;off&#8221; button_one_letter_spacing__hover_enabled=&#8221;on&#8221; button_one_letter_spacing__hover=&#8221;0&#8243; button_two_letter_spacing__hover_enabled=&#8221;on&#8221; button_two_letter_spacing__hover=&#8221;0&#8243; button_one_bg_color__hover_enabled=&#8221;off&#8221; button_two_bg_color__hover_enabled=&#8221;off&#8221;][\/et_pb_fullwidth_header][\/et_pb_section][et_pb_section fb_built=&#8221;1&#8243; admin_label=&#8221;section&#8221; _builder_version=&#8221;4.16&#8243; global_colors_info=&#8221;{}&#8221;][et_pb_row admin_label=&#8221;row&#8221; _builder_version=&#8221;4.16&#8243; global_colors_info=&#8221;{}&#8221;][et_pb_column type=&#8221;4_4&#8243; _builder_version=&#8221;4.16&#8243; custom_padding=&#8221;|||&#8221; global_colors_info=&#8221;{}&#8221; custom_padding__hover=&#8221;|||&#8221;][et_pb_text admin_label=&#8221;Text&#8221; _builder_version=&#8221;4.16&#8243; background_size=&#8221;initial&#8221; background_position=&#8221;top_left&#8221; background_repeat=&#8221;repeat&#8221; use_border_color=&#8221;off&#8221; border_color=&#8221;#ffffff&#8221; border_style=&#8221;solid&#8221; global_colors_info=&#8221;{}&#8221;]<\/p>\n<p><strong>DADES GENERALS<\/strong><\/p>\n<p>La web que esteu consultant \u00e9s propietat de UPHILL (Santi Meca, DNI: 38133981G), domiciliada a la ctra. Barcelona, \u200b\u200bn\u00fam. 5 3r 1a. Correu electr\u00f2nic: informacio@uphill.cat<\/p>\n<p>L&#8217;acc\u00e9s a i\/o \u00fas del web http:\/\/www.uphill.cat\/blog \u00e9s totalment voluntari i atribueix a qui ho realitza la condici\u00f3 d&#8217;usuari. Tot usuari accepta, des del mateix moment en qu\u00e8 accedeix, sense cap tipus de reserva, el contingut de les presents &#8220;Condicions Generals&#8221; aix\u00ed com, si \u00e9s el cas, les &#8220;Condicions Particulars&#8221; que puguin complementar-les, substituir-les o modificar-les en algun sentit en relaci\u00f3 amb els serveis i continguts del web. En conseq\u00fc\u00e8ncia, l&#8217;usuari haur\u00e0 de llegir detingudament unes i altres abans de l&#8217;acc\u00e9s i d&#8217;utilitzaci\u00f3 de qualsevol servei del web http:\/\/www.uphill.cat\/blog sota la seva responsabilitat, de manera que si no est\u00e0 d&#8217;acord amb el contingut del mateix, haur\u00e0 d&#8217;abstenir de fer \u00fas de la web.<\/p>\n<p><strong>La nostra missi\u00f3<\/strong><br \/>L&#8217;objectiu del nostre centre \u00e9s proporcionar l&#8217;ajuda necess\u00e0ria per a una correcta desintoxicaci\u00f3, basant-nos en la nostra experi\u00e8ncia i la de tot un grup de professionals, per aconseguir superar l&#8217;addicci\u00f3 a diferents tipus de subst\u00e0ncia psicoactiva, aconseguint amb aix\u00f2 aix\u00ed, la completa reinserci\u00f3 i desintoxicaci\u00f3 del pacient a la vida social, familiar i laboral.<\/p>\n<p><strong>CONDICIONS GENERALS<\/strong><br \/>Els usuaris podran dur a terme la reproducci\u00f3 dels continguts del web http:\/\/www.uphill.cat\/blog amb l&#8217;\u00fanica finalitat de procedir al seu emmagatzematge, a la realitzaci\u00f3 de c\u00f2pies de seguretat o imprimir sobre paper per a \u00fas privat.<br \/>Al marge de l&#8217;anterior, queda prohibida tota reproducci\u00f3, distribuci\u00f3, transformaci\u00f3, presentaci\u00f3, total o parcial, del contingut del web http:\/\/www.uphill.cat\/blog o d&#8217;algun dels seus elements, de manera directa o indirecta per xarxes telem\u00e0tiques o suports an\u00e0legs, amb un fi comercial adre\u00e7at al p\u00fablic o per a una utilitzaci\u00f3 m\u00e9s enll\u00e0 de les esmentades, encara citant la font, sempre que no es compti amb l&#8217;autoritzaci\u00f3 expressa i per escrit de uphill.cat i, si escau de tercers col\u00b7laboradors. L&#8217;incompliment d&#8217;all\u00f2 anterior facultar\u00e0 Uphill per interposar les accions legals pertinents.<\/p>\n<p>Queden especialment prohibides:<br \/>&#8211; La presentaci\u00f3 d&#8217;una p\u00e0gina del web http:\/\/www.uphill.cat\/blog en marc d&#8217;una altra p\u00e0gina web que no pertanyi a http:\/\/www.uphill.cat\/blog, mitjan\u00e7ant la t\u00e8cnica denominada &#8220;framing&#8221; tret que compti amb l&#8217;expr\u00e9s consentiment per escrit de Uphill<br \/>&#8211; La inserci\u00f3 d&#8217;una imatge difosa al web http:\/\/www.uphill.cat\/blog en una p\u00e0gina o base de dades, no pertanyent a uphill.cat mitjan\u00e7ant la t\u00e8cnica denominada &#8220;in line linking&#8221; si aix\u00f2 no compta amb l&#8217;expressa autoritzaci\u00f3 de Uphill.<br \/>Es comunica que les dades enviades a trav\u00e9s dels formularis de consulta o sol\u00b7licitud d&#8217;informaci\u00f3 s&#8217;utilitzaran \u00fanicament i exclusivament perqu\u00e8 Uphill es posi en contacte amb l&#8217;usuari per facilitar-li les dades que el propi usuari hagi sol\u00b7licitat. Aquestes dades seran tractades confidencialment i en el moment d&#8217;establir el contacte amb l&#8217;usuari seran eliminats de qualsevol tipus de suport per Uphill<\/p>\n<p><strong>CONDICIONS PARTICULARS<\/strong><\/p>\n<p><strong>Exclusi\u00f3 de responsabilitat:<\/strong><br \/>Uphill no garanteix la disponibilitat i continu\u00eftat del lloc web ni es fa responsable de qualsevol dany i perjudici produ\u00eft o que puguin produir-se en el futur, ni dels defectes t\u00e8cnics, qualsevol que sigui la seva naturalesa, que es derivin de l&#8217;\u00fas de la informaci\u00f3 i de les mat\u00e8ries contingudes en el web http:\/\/www.uphill.cat\/blog.<\/p>\n<p><strong>Contingut del web i enlla\u00e7os:<\/strong><br \/>Uphill propietat de Santiago Meca no es responsabilitza del mal \u00fas que es realitzi dels continguts de la nostra p\u00e0gina web, sent exclusiva responsabilitat de la persona que accedeix a ells o els utilitza.<br \/>La informaci\u00f3 present en aquesta web no reempla\u00e7a si no complementa la relaci\u00f3 terapeuta-pacient i en cas de dubte es consulti amb el metge de refer\u00e8ncia.<br \/>Tampoc assumim cap responsabilitat per la informaci\u00f3 continguda a les p\u00e0gines web de tercers a les que es pugui accedir per enlla\u00e7os des de la p\u00e0gina web http:\/\/www.uphill.cat\/blog<\/p>\n<p><strong>Actualitzaci\u00f3 i modificaci\u00f3 de la p\u00e0gina web:<\/strong><br \/>Uphill es reserva el dret a actualitzar, modificar o eliminar la informaci\u00f3 continguda en la seva p\u00e0gina web, i la configuraci\u00f3 o presentaci\u00f3 del mateix, en qualsevol moment, sense previ av\u00eds, i sense assumir cap responsabilitat per aix\u00f2.<\/p>\n<p><strong>Protecci\u00f3 de dades de car\u00e0cter personal<\/strong><br \/>En el marc del compliment de la legislaci\u00f3 vigent, recollida en la Llei Org\u00e0nica 15\/1999, de 13 de desembre, sobre protecci\u00f3 de dades de car\u00e0cter personal (<a href=\"http:\/\/www.boe.es\/buscar\/doc.php?id=BOE-A-1999-23750\">LOPD<\/a>), l&#8217;objecte \u00e9s garantir i protegir, pel que fa al tractament dels dades personals, les llibertats i drets fonamentals de les persones f\u00edsiques, i especialment del seu honor i intimitat personal, Uphill informa als usuaris que:<br \/>Uphill ha adoptat les mesures t\u00e8cniques i organitzatives conforme al que disposa la normativa vigent.<br \/>Les Dades de Car\u00e0cter Personal que es recullen en els formularis de contacte del lloc web de Uphill, s\u00f3n objecte de tractament automatitzat i tenen com a finalitat el manteniment de la relaci\u00f3 contractual que en el seu cas s&#8217;estableixi amb Uphill, aix\u00ed com l&#8217;acompliment de les tasques d&#8217;informaci\u00f3, formaci\u00f3, comercialitzaci\u00f3 (tasca aquesta \u00faltima sempre identificada com a tal) i altres activitats pr\u00f2pies de l&#8217;empresa.<br \/>Uphill ha adoptat els nivells de seguretat adequats a les dades que es faciliten i, a m\u00e9s, s&#8217;han instal\u00b7lat tots els mitjans i mesures t\u00e8cniques al seu abast per evitar la p\u00e8rdua, mal \u00fas, alteraci\u00f3, acc\u00e9s no autoritzat i robatori de les dades que ens faciliten.<\/p>\n<p><strong>Diversos<\/strong><br \/>1.- Uphill utilitza cookies que es quedaran emmagatzemades a l&#8217;ordinador. Les cookies s\u00f3n petits arxius que el nostre servidor envia al seu ordinador, per\u00f2 que no ens proporcionen informaci\u00f3 ni sobre el seu nom, ni sobre qualsevol dada de car\u00e0cter personal seu. Les cookies que utilitzem no poden llegir dades del seu ordinador ni llegir les cookies que existeixin al seu ordinador. Quan l&#8217;usuari es trobi navegant per les p\u00e0gines web de Uphill el servidor on es troba allotjada reconeix autom\u00e0ticament l&#8217;adre\u00e7a IP del seu ordinador, el dia i l&#8217;hora en qu\u00e8 comen\u00e7a la visita, en qu\u00e8 abandona la visita, aix\u00ed com informaci\u00f3 sobre les diferents seccions consultades. Cal que el servidor conegui aquestes dades per poder comunicar-se i enviar-li la petici\u00f3 realitzada i que a trav\u00e9s del navegador es pugui veure a la pantalla.<br \/>Si vost\u00e8 ho desitja pot configurar el seu navegador de manera que l&#8217;avisi a la pantalla si va a rebre una cookie. L&#8217;usuari pot configurar el seu ordinador de manera que no rebi aquestes cookies, aquest fet no impedir\u00e0 que es pugui accedir a la informaci\u00f3 del lloc web Uphill.<br \/>2.- Uphill podr\u00e0 modificar, sense previ av\u00eds, la informaci\u00f3 continguda al seu lloc web, aix\u00ed com la seva configuraci\u00f3 i presentaci\u00f3.<br \/>3.- El lloc web http:\/\/www.uphill.cat\/blog no allotja ni exhibeix cap tipus de publicitat.<br \/>4.- Uphill es compromet a trav\u00e9s d&#8217;aquest mitj\u00e0 a NO REALITZAR PUBLICITAT ENGANYOSA.<br \/>A aquests efectes, per tant, no seran considerats com publicitat enganyosa els errors formals o num\u00e8rics que puguin trobar al llarg del contingut de les diferents seccions del web de Uphill, produ\u00efts com a conseq\u00fc\u00e8ncia d&#8217;un manteniment i \/ o actualitzaci\u00f3 incompleta o defectuosa de la informaci\u00f3 continguda \u00e9s aquestes seccions. Uphill, com a conseq\u00fc\u00e8ncia del que disposa aquest apartat, es compromet a corregir tan aviat com tingui coneixement d&#8217;aquests errors.<br \/>4.- Uphill es compromet a NO REMETRE COMUNICACIONS COMERCIALS SENSE identificats com a tals, conforme al que disposa la Llei 34\/2002 de Serveis de la Societat de la Informaci\u00f3 i de comer\u00e7 electr\u00f2nic.<br \/>A aquests efectes no ser\u00e0 considerat com comunicaci\u00f3 comercial tota la informaci\u00f3 que s&#8217;envi\u00ef als pacients de Uphill, sempre que tingui per finalitat el manteniment de la relaci\u00f3 contractual existent entre pacient i Uphill, aix\u00ed com l&#8217;acompliment de les tasques d&#8217;informaci\u00f3, formaci\u00f3 i altres activitats pr\u00f2pies del servei que el pacient t\u00e9 contractat amb l&#8217;empresa.<br \/>5.- Uphill no es fa responsable de l&#8217;incompliment de qualsevol norma aplicable en qu\u00e8 pugui inc\u00f3rrer l&#8217;usuari en el seu acc\u00e9s al lloc web www.uphill.cat i\/o en l&#8217;\u00fas de les informacions contingudes en el mateix.<br \/>6.- Uphill no es fa responsable de l&#8217;\u00fas il\u00b7leg\u00edtim que terceres persones puguin fer dels noms de marca, noms de producte, marques comercials que, no sent propietat d&#8217;aquesta entitat, apareguin en el web site www.uphill.cat. Tampoc es responsabilitza de la integritat, veracitat i licitud del contingut dels enlla\u00e7os a les webs a les que pugui accedir-se des www.uphill.cat.<br \/>7.- Uphill no es responsabilitza dels virus que tinguin el seu origen en una transmissi\u00f3 telem\u00e0tica infiltrats per terceres parts (per exemple, els macros de processadors de text, els applets de Java i els programes ActiveX), generats amb la finalitat d&#8217;obtenir resultats negatius per a un sistema inform\u00e0tic.<\/p>\n<p><strong>\u00das de l&#8217;eina Google Anal\u00edtiques:<\/strong><br \/>Aquest lloc web utilitza Google Analytics per analitzar les visites al lloc web i aix\u00ed millorar els seus continguts. Per a m\u00e9s informaci\u00f3 sobre la pol\u00edtica de privadesa de Google Analytics, visiteu el seg\u00fcent enlla\u00e7: http:\/\/www.google.com\/intl\/es\/analytics\/privacyoverview.html<\/p>\n<p><strong>Informaci\u00f3 t\u00e8cnica:<\/strong><br \/>Per a una correcta visualitzaci\u00f3 del web http:\/\/www.uphill.cat\/blog, \u00e9s necessari disposar d&#8217;una resoluci\u00f3 m\u00ednima de 800 \u00d7 600 p\u00edxels, sent recomanable una resoluci\u00f3 de 1024 \u00d7 768 p\u00edxels. Aix\u00ed mateix, el navegador ha de suportar i tenir habilitat el suport per llenguatge JavaScript.<\/p>\n<p><strong>Adre\u00e7a de contacte:<\/strong><br \/>Per a qualsevol aclariment sobre les presents condicions generals o qualssevol altres aspectes, t\u00e9 a la seva disposici\u00f3 les seg\u00fcents adreces:<\/p>\n<p>Uphill<br \/>Centre d&#8217;Assessorament Terap\u00e8utic<br \/>Ctra. BARCELONA, n\u00fam. 5 3r 1a<br \/>GIRONA<\/p>\n<p>Tel. +34 609 657 384<br \/>Correu electr\u00f2nic: informacio@uphill.cat<br \/>Responsable: Santi Meca<\/p>\n<p>[\/et_pb_text][\/et_pb_column][\/et_pb_row][\/et_pb_section]<\/p>\n","protected":false},"excerpt":{"rendered":"<p>DADES GENERALS La web que esteu consultant \u00e9s propietat de UPHILL (Santi Meca, DNI: 38133981G), domiciliada a la ctra. Barcelona, \u200b\u200bn\u00fam. 5 3r 1a. Correu electr\u00f2nic: informacio@uphill.cat L&#8217;acc\u00e9s a i\/o \u00fas del web http:\/\/www.uphill.cat\/blog \u00e9s totalment voluntari i atribueix a qui ho realitza la condici\u00f3 d&#8217;usuari. Tot usuari accepta, des del mateix moment en qu\u00e8 [&hellip;]<\/p>\n","protected":false},"author":1,"featured_media":0,"parent":0,"menu_order":0,"comment_status":"closed","ping_status":"closed","template":"","meta":{"_et_pb_use_builder":"on","_et_pb_old_content":"","_et_gb_content_width":"","wp_popup_display_lightbox":0,"wp_popup_suppress":"","wp_popup_trigger":"","wp_popup_trigger_amount":0,"wp_popup_disable_on_mobile":false,"footnotes":""},"class_list":["post-786","page","type-page","status-publish","hentry"],"yoast_head":"<!-- This site is optimized with the Yoast SEO plugin v26.9 - https:\/\/yoast.com\/product\/yoast-seo-wordpress\/ -->\n<title>Condicions - UPHILL<\/title>\n<meta name=\"robots\" content=\"index, follow, max-snippet:-1, max-image-preview:large, max-video-preview:-1\" \/>\n<link rel=\"canonical\" href=\"https:\/\/www.uphill.cat\/blog\/condicions\/\" \/>\n<meta property=\"og:locale\" content=\"ca_ES\" \/>\n<meta property=\"og:type\" content=\"article\" \/>\n<meta property=\"og:title\" content=\"Condicions - UPHILL\" \/>\n<meta property=\"og:description\" content=\"DADES GENERALS La web que esteu consultant \u00e9s propietat de UPHILL (Santi Meca, DNI: 38133981G), domiciliada a la ctra. Barcelona, \u200b\u200bn\u00fam. 5 3r 1a. Correu electr\u00f2nic: informacio@uphill.cat L&#039;acc\u00e9s a i\/o \u00fas del web http:\/\/www.uphill.cat\/blog \u00e9s totalment voluntari i atribueix a qui ho realitza la condici\u00f3 d&#039;usuari. Tot usuari accepta, des del mateix moment en qu\u00e8 [&hellip;]\" \/>\n<meta property=\"og:url\" content=\"https:\/\/www.uphill.cat\/blog\/condicions\/\" \/>\n<meta property=\"og:site_name\" content=\"UPHILL\" \/>\n<meta property=\"article:modified_time\" content=\"2025-08-18T10:47:16+00:00\" \/>\n<meta name=\"twitter:label1\" content=\"Temps estimat de lectura\" \/>\n\t<meta name=\"twitter:data1\" content=\"10 minuts\" \/>\n<script type=\"application\/ld+json\" class=\"yoast-schema-graph\">{\"@context\":\"https:\/\/schema.org\",\"@graph\":[{\"@type\":\"WebPage\",\"@id\":\"https:\/\/www.uphill.cat\/blog\/condicions\/\",\"url\":\"https:\/\/www.uphill.cat\/blog\/condicions\/\",\"name\":\"Condicions - UPHILL\",\"isPartOf\":{\"@id\":\"https:\/\/www.uphill.cat\/blog\/#website\"},\"datePublished\":\"2015-10-05T09:03:25+00:00\",\"dateModified\":\"2025-08-18T10:47:16+00:00\",\"breadcrumb\":{\"@id\":\"https:\/\/www.uphill.cat\/blog\/condicions\/#breadcrumb\"},\"inLanguage\":\"ca\",\"potentialAction\":[{\"@type\":\"ReadAction\",\"target\":[\"https:\/\/www.uphill.cat\/blog\/condicions\/\"]}]},{\"@type\":\"BreadcrumbList\",\"@id\":\"https:\/\/www.uphill.cat\/blog\/condicions\/#breadcrumb\",\"itemListElement\":[{\"@type\":\"ListItem\",\"position\":1,\"name\":\"Inici\",\"item\":\"https:\/\/www.uphill.cat\/blog\/\"},{\"@type\":\"ListItem\",\"position\":2,\"name\":\"Condicions\"}]},{\"@type\":\"WebSite\",\"@id\":\"https:\/\/www.uphill.cat\/blog\/#website\",\"url\":\"https:\/\/www.uphill.cat\/blog\/\",\"name\":\"UPHILL\",\"description\":\"CENTRE D'ASSESSORAMENT TERAP&Egrave;UTIC\",\"publisher\":{\"@id\":\"https:\/\/www.uphill.cat\/blog\/#organization\"},\"potentialAction\":[{\"@type\":\"SearchAction\",\"target\":{\"@type\":\"EntryPoint\",\"urlTemplate\":\"https:\/\/www.uphill.cat\/blog\/?s={search_term_string}\"},\"query-input\":{\"@type\":\"PropertyValueSpecification\",\"valueRequired\":true,\"valueName\":\"search_term_string\"}}],\"inLanguage\":\"ca\"},{\"@type\":\"Organization\",\"@id\":\"https:\/\/www.uphill.cat\/blog\/#organization\",\"name\":\"UPHILL\",\"url\":\"https:\/\/www.uphill.cat\/blog\/\",\"logo\":{\"@type\":\"ImageObject\",\"inLanguage\":\"ca\",\"@id\":\"https:\/\/www.uphill.cat\/blog\/#\/schema\/logo\/image\/\",\"url\":\"http:\/\/www.uphill.cat\/blog\/wp-content\/uploads\/2014\/05\/UPHILL_logo.png\",\"contentUrl\":\"http:\/\/www.uphill.cat\/blog\/wp-content\/uploads\/2014\/05\/UPHILL_logo.png\",\"width\":164,\"height\":70,\"caption\":\"UPHILL\"},\"image\":{\"@id\":\"https:\/\/www.uphill.cat\/blog\/#\/schema\/logo\/image\/\"}}]}<\/script>\n<!-- \/ Yoast SEO plugin. -->","yoast_head_json":{"title":"Condicions - UPHILL","robots":{"index":"index","follow":"follow","max-snippet":"max-snippet:-1","max-image-preview":"max-image-preview:large","max-video-preview":"max-video-preview:-1"},"canonical":"https:\/\/www.uphill.cat\/blog\/condicions\/","og_locale":"ca_ES","og_type":"article","og_title":"Condicions - UPHILL","og_description":"DADES GENERALS La web que esteu consultant \u00e9s propietat de UPHILL (Santi Meca, DNI: 38133981G), domiciliada a la ctra. Barcelona, \u200b\u200bn\u00fam. 5 3r 1a. Correu electr\u00f2nic: informacio@uphill.cat L'acc\u00e9s a i\/o \u00fas del web http:\/\/www.uphill.cat\/blog \u00e9s totalment voluntari i atribueix a qui ho realitza la condici\u00f3 d'usuari. Tot usuari accepta, des del mateix moment en qu\u00e8 [&hellip;]","og_url":"https:\/\/www.uphill.cat\/blog\/condicions\/","og_site_name":"UPHILL","article_modified_time":"2025-08-18T10:47:16+00:00","twitter_misc":{"Temps estimat de lectura":"10 minuts"},"schema":{"@context":"https:\/\/schema.org","@graph":[{"@type":"WebPage","@id":"https:\/\/www.uphill.cat\/blog\/condicions\/","url":"https:\/\/www.uphill.cat\/blog\/condicions\/","name":"Condicions - UPHILL","isPartOf":{"@id":"https:\/\/www.uphill.cat\/blog\/#website"},"datePublished":"2015-10-05T09:03:25+00:00","dateModified":"2025-08-18T10:47:16+00:00","breadcrumb":{"@id":"https:\/\/www.uphill.cat\/blog\/condicions\/#breadcrumb"},"inLanguage":"ca","potentialAction":[{"@type":"ReadAction","target":["https:\/\/www.uphill.cat\/blog\/condicions\/"]}]},{"@type":"BreadcrumbList","@id":"https:\/\/www.uphill.cat\/blog\/condicions\/#breadcrumb","itemListElement":[{"@type":"ListItem","position":1,"name":"Inici","item":"https:\/\/www.uphill.cat\/blog\/"},{"@type":"ListItem","position":2,"name":"Condicions"}]},{"@type":"WebSite","@id":"https:\/\/www.uphill.cat\/blog\/#website","url":"https:\/\/www.uphill.cat\/blog\/","name":"UPHILL","description":"CENTRE D'ASSESSORAMENT TERAP&Egrave;UTIC","publisher":{"@id":"https:\/\/www.uphill.cat\/blog\/#organization"},"potentialAction":[{"@type":"SearchAction","target":{"@type":"EntryPoint","urlTemplate":"https:\/\/www.uphill.cat\/blog\/?s={search_term_string}"},"query-input":{"@type":"PropertyValueSpecification","valueRequired":true,"valueName":"search_term_string"}}],"inLanguage":"ca"},{"@type":"Organization","@id":"https:\/\/www.uphill.cat\/blog\/#organization","name":"UPHILL","url":"https:\/\/www.uphill.cat\/blog\/","logo":{"@type":"ImageObject","inLanguage":"ca","@id":"https:\/\/www.uphill.cat\/blog\/#\/schema\/logo\/image\/","url":"http:\/\/www.uphill.cat\/blog\/wp-content\/uploads\/2014\/05\/UPHILL_logo.png","contentUrl":"http:\/\/www.uphill.cat\/blog\/wp-content\/uploads\/2014\/05\/UPHILL_logo.png","width":164,"height":70,"caption":"UPHILL"},"image":{"@id":"https:\/\/www.uphill.cat\/blog\/#\/schema\/logo\/image\/"}}]}},"_links":{"self":[{"href":"https:\/\/www.uphill.cat\/blog\/wp-json\/wp\/v2\/pages\/786","targetHints":{"allow":["GET"]}}],"collection":[{"href":"https:\/\/www.uphill.cat\/blog\/wp-json\/wp\/v2\/pages"}],"about":[{"href":"https:\/\/www.uphill.cat\/blog\/wp-json\/wp\/v2\/types\/page"}],"author":[{"embeddable":true,"href":"https:\/\/www.uphill.cat\/blog\/wp-json\/wp\/v2\/users\/1"}],"replies":[{"embeddable":true,"href":"https:\/\/www.uphill.cat\/blog\/wp-json\/wp\/v2\/comments?post=786"}],"version-history":[{"count":4,"href":"https:\/\/www.uphill.cat\/blog\/wp-json\/wp\/v2\/pages\/786\/revisions"}],"predecessor-version":[{"id":3481,"href":"https:\/\/www.uphill.cat\/blog\/wp-json\/wp\/v2\/pages\/786\/revisions\/3481"}],"wp:attachment":[{"href":"https:\/\/www.uphill.cat\/blog\/wp-json\/wp\/v2\/media?parent=786"}],"curies":[{"name":"wp","href":"https:\/\/api.w.org\/{rel}","templated":true}]}}